{"id":767,"date":"2024-01-23T18:24:06","date_gmt":"2024-01-23T11:24:06","guid":{"rendered":"https:\/\/buivancuong073.mbws.vn\/hoat-dong-the-thao\/"},"modified":"2024-01-23T18:24:06","modified_gmt":"2024-01-23T11:24:06","slug":"hoat-dong-the-thao","status":"publish","type":"page","link":"https:\/\/buivancuong073.mbws.vn\/en\/hoat-dong-the-thao\/","title":{"rendered":"Ho\u1ea1t \u0111\u1ed9ng th\u1ec3 thao"},"content":{"rendered":"\t<section class=\"section top-gradient bottom-gradient\" id=\"section_288061446\">\n\t\t<div class=\"bg section-bg fill bg-fill  \" >\n\n\t\t\t\n\t\t\t<div class=\"section-bg-overlay absolute fill\"><\/div>\n\t\t\t\n\n\t\t<\/div>\n\n\t\t\n\n\t\t<div class=\"section-content relative\">\n\t\t\t\n<div class=\"row row-collapse\"  id=\"row-1686768429\">\n\n\t<div id=\"col-803310529\" class=\"col small-12 large-12\"  >\n\t\t\t\t<div class=\"col-inner\"  >\n\t\t\t\n\t\t\t\n  <div id=\"page-header-893108795\" class=\"page-header-wrapper\">\n  <div class=\"page-title dark simple-title\">\n\n    \n    <div class=\"page-title-inner container align-bottom flex-row medium-flex-wrap\" >\n              <div class=\"title-wrapper is-larger flex-col text-left medium-text-center\">\n          <h1 class=\"entry-title mb-0\">\n            Ho\u1ea1t \u0111\u1ed9ng th\u1ec3 thao          <\/h1>\n        <\/div>\n                <div class=\"page-title-sub op-7 flex-col ml medium-text-center\">\n          <p class=\"lead\">Gia nh\u1eadp<\/p>\n        <\/div>\n                    <div class=\"title-content flex-col flex-right text-right medium-text-center\">\n        <div class=\"title-breadcrumbs pb-half pt-half\"><\/div>      <\/div>\n    <\/div>\n\n     \n<style>\n#page-header-893108795 .title-bg {\n  background-position: 53% 20%;\n}\n<\/style>\n  <\/div>\n    <\/div>\n  \n\t\t<\/div>\n\t\t\t\t\n<style>\n#col-803310529 > .col-inner {\n  padding: 100px 0px 0px 0px;\n}\n@media (min-width:550px) {\n  #col-803310529 > .col-inner {\n    padding: 100px 0px 0px 0px;\n  }\n}\n@media (min-width:850px) {\n  #col-803310529 > .col-inner {\n    padding: 340px 0px 0px 0px;\n  }\n}\n<\/style>\n\t<\/div>\n\n\t\n<\/div>\n\t\t<\/div>\n\n\t\t\n<style>\n#section_288061446 {\n  padding-top: 0px;\n  padding-bottom: 0px;\n  min-height: 300px;\n}\n#section_288061446 .section-bg-overlay {\n  background-color: rgba(0, 0, 0, 0.331);\n}\n#section_288061446 .section-bg.bg-loaded {\n  background-image: url(https:\/\/buivancuong073.mbws.vn\/wp-content\/uploads\/shutterstock_199288136.jpg);\n}\n#section_288061446 .section-bg {\n  background-position: 52% 0%;\n}\n@media (min-width:550px) {\n  #section_288061446 {\n    min-height: 500px;\n  }\n}\n@media (min-width:850px) {\n  #section_288061446 {\n    min-height: 700px;\n  }\n}\n<\/style>\n\t<\/section>\n\t\n\t<section class=\"section\" id=\"section_71015989\">\n\t\t<div class=\"bg section-bg fill bg-fill  bg-loaded\" >\n\n\t\t\t\n\t\t\t\n\t\t\t\n\n\t\t<\/div>\n\n\t\t\n\n\t\t<div class=\"section-content relative\">\n\t\t\t\n<div class=\"row\"  id=\"row-1566033444\">\n\n\t<div id=\"col-631828108\" class=\"col small-12 large-12\"  >\n\t\t\t\t<div class=\"col-inner\"  >\n\t\t\t\n\t\t\t\n\t<div id=\"text-2804471287\" class=\"text\">\n\t\t\n<p><span style=\"color: #c50227;\">C\u00e1c ho\u1ea1t \u0111\u1ed9ng th\u1ec3 thao t\u1ea1i Kingster bao g\u1ed3m b\u00f3ng \u0111\u00e1, b\u00f3ng r\u1ed5, b\u00f3ng chuy\u1ec1n, c\u1ea7u l\u00f4ng, b\u01a1i l\u1ed9i, \u0111i\u1ec1n kinh, v\u00e0 nhi\u1ec1u m\u00f4n th\u1ec3 thao kh\u00e1c.<\/span><\/p>\n<p>Tr\u01b0\u1eddng qu\u1ed1c t\u1ebf Kingster lu\u00f4n coi tr\u1ecdng ho\u1ea1t \u0111\u1ed9ng th\u1ec3 thao v\u00e0 s\u1ee9c kh\u1ecfe c\u1ee7a h\u1ecdc sinh v\u00e0 xem \u0111\u00f3 l\u00e0 m\u1ed9t ph\u1ea7n quan tr\u1ecdng trong s\u1ef1 ph\u00e1t tri\u1ec3n to\u00e0n di\u1ec7n c\u1ee7a h\u1ecd. Ch\u00fang t\u00f4i cung c\u1ea5p m\u1ed9t lo\u1ea1t c\u00e1c ho\u1ea1t \u0111\u1ed9ng th\u1ec3 thao v\u00e0 ch\u01b0\u01a1ng tr\u00ecnh v\u1eadn \u0111\u1ed9ng \u0111a d\u1ea1ng \u0111\u1ec3 khuy\u1ebfn kh\u00edch s\u1ef1 tham gia v\u00e0 ph\u00e1t tri\u1ec3n k\u1ef9 n\u0103ng th\u1ec3 thao c\u1ee7a h\u1ecdc sinh.<\/p>\n\t\t\n<style>\n#text-2804471287 {\n  font-size: 1.2rem;\n}\n<\/style>\n\t<\/div>\n\t\n\t\t<\/div>\n\t\t\t\t\n<style>\n#col-631828108 > .col-inner {\n  padding: 0px 15px 0px 15px;\n}\n@media (min-width:550px) {\n  #col-631828108 > .col-inner {\n    padding: 0px 0px 0px 0px;\n  }\n}\n<\/style>\n\t<\/div>\n\n\t\n\n\t<div id=\"col-235650511\" class=\"col medium-12 small-12 large-8\"  >\n\t\t\t\t<div class=\"col-inner\"  >\n\t\t\t\n\t\t\t\n<div class=\"container section-title-container\" ><h3 class=\"section-title section-title-normal\"><b><\/b><span class=\"section-title-main\" >Tin t\u1ee9c & C\u1eadp nh\u1eadt<\/span><b><\/b><\/h3><\/div>\n<div class=\"row\"  id=\"row-1891382045\">\n\n\t<div id=\"col-926638130\" class=\"col medium-6 small-12 large-6\"  >\n\t\t\t\t<div class=\"col-inner\"  >\n\t\t\t\n\t\t\t\n\n  \n    <div class=\"row large-columns-1 medium-columns-1 small-columns-1 row-small\" >\n  <\/div>\n\t\t<\/div>\n\t\t\t\t\t<\/div>\n\n\t\n\n\t<div id=\"col-934286618\" class=\"col medium-6 small-12 large-6\"  >\n\t\t\t\t<div class=\"col-inner\"  >\n\t\t\t\n\t\t\t\n\n  \n    <div class=\"row large-columns-1 medium-columns-1 small-columns-1 row-small\" >\n  <\/div>\n\t\t<\/div>\n\t\t\t\t\t<\/div>\n\n\t\n<\/div>\n\t\t<\/div>\n\t\t\t\t\n<style>\n#col-235650511 > .col-inner {\n  padding: 0px 30px 0px 30px;\n  margin: 0px 0px 0px -10px;\n}\n@media (min-width:550px) {\n  #col-235650511 > .col-inner {\n    padding: 0px 15px 0px 15px;\n  }\n}\n<\/style>\n\t<\/div>\n\n\t\n\n\t<div id=\"col-136713750\" class=\"col medium-12 small-12 large-4\"  >\n\t\t\t\t<div class=\"col-inner\"  >\n\t\t\t\n\t\t\t\n<div class=\"container section-title-container\" ><h3 class=\"section-title section-title-normal\"><b><\/b><span class=\"section-title-main\" >S\u1ef1 ki\u1ec7n s\u1eafp t\u1edbi<\/span><b><\/b><\/h3><\/div>\n\n  \n    <div class=\"row hide-image large-columns-1 medium-columns- small-columns-1\" >\n  <\/div>\n<a href=\"\/events\/\" class=\"button primary is-link lowercase\"  >\n    <span>Xem t\u1ea5t c\u1ea3 s\u1ef1 ki\u1ec7n<\/span>\n  <i class=\"icon-angle-right\" aria-hidden=\"true\" ><\/i><\/a>\n\n\t\t<\/div>\n\t\t\t\t\n<style>\n#col-136713750 > .col-inner {\n  padding: 0px 15px 0px 15px;\n}\n@media (min-width:550px) {\n  #col-136713750 > .col-inner {\n    padding: 0px 10px 0px 0px;\n  }\n}\n<\/style>\n\t<\/div>\n\n\t\n<\/div>\n\t\t<\/div>\n\n\t\t\n<style>\n#section_71015989 {\n  padding-top: 30px;\n  padding-bottom: 30px;\n}\n<\/style>\n\t<\/section>\n\t\n\t<section class=\"section\" id=\"section_2099497870\">\n\t\t<div class=\"bg section-bg fill bg-fill  bg-loaded\" >\n\n\t\t\t\n\t\t\t\n\t\t\t\n\n\t\t<\/div>\n\n\t\t\n\n\t\t<div class=\"section-content relative\">\n\t\t\t\n<div class=\"row row-collapse align-equal\"  id=\"row-1246776974\">\n\n\t<div id=\"col-2036361259\" class=\"col medium-6 small-12 large-6\"  >\n\t\t\t\t<div class=\"col-inner dark\"  >\n\t\t\t\n\t\t\t\n\n  <div class=\"banner has-hover bg-col-left-fullwidth\" id=\"banner-250811115\">\n          <div class=\"banner-inner fill\">\n        <div class=\"banner-bg fill\" >\n            <div class=\"bg fill bg-fill \"><\/div>\n                                    \n                    <\/div>\n\t\t\n        <div class=\"banner-layers container\">\n            <div class=\"fill banner-link\"><\/div>            \n   <div id=\"text-box-1819833808\" class=\"text-box banner-layer x50 md-x50 lg-x50 y50 md-y50 lg-y50 res-text\">\n                                <div class=\"text-box-content text dark\">\n              \n              <div class=\"text-inner text-center\">\n                  \n              <\/div>\n           <\/div>\n                            \n<style>\n#text-box-1819833808 {\n  width: 60%;\n}\n#text-box-1819833808 .text-box-content {\n  font-size: 100%;\n}\n@media (min-width:550px) {\n  #text-box-1819833808 {\n    width: 60%;\n  }\n}\n<\/style>\n    <\/div>\n \n        <\/div>\n      <\/div>\n\n              <div class=\"height-fix is-invisible\"><img loading=\"lazy\" decoding=\"async\" width=\"1280\" height=\"853\" src=\"https:\/\/buivancuong073.mbws.vn\/wp-content\/uploads\/shutterstock_167044400.jpg\" class=\"attachment-original size-original\" alt=\"\" \/><\/div>\n            \n<style>\n#banner-250811115 {\n  padding-top: 99.99%;\n}\n#banner-250811115 .bg.bg-loaded {\n  background-image: url(https:\/\/buivancuong073.mbws.vn\/wp-content\/uploads\/shutterstock_167044400.jpg);\n}\n#banner-250811115 .bg {\n  background-position: 17% 0%;\n}\n<\/style>\n  <\/div>\n\n\n\t<div id=\"gap-1373512468\" class=\"gap-element clearfix show-for-small\" style=\"display:block; height:auto;\">\n\t\t\n<style>\n#gap-1373512468 {\n  padding-top: 200px;\n}\n@media (min-width:550px) {\n  #gap-1373512468 {\n    padding-top: 30px;\n  }\n}\n<\/style>\n\t<\/div>\n\t\n\t\t<\/div>\n\t\t\t\t\n<style>\n#col-2036361259 > .col-inner {\n  padding: 80px 45px 90px 0px;\n}\n<\/style>\n\t<\/div>\n\n\t\n\n\t<div id=\"col-2033272866\" class=\"col medium-6 small-12 large-6\"  >\n\t\t\t\t<div class=\"col-inner\"  >\n\t\t\t\n\t\t\t\n\t<div id=\"text-2427690667\" class=\"text\">\n\t\t\n<h3><span style=\"font-size: 400%; color: #c50227;\">&#8220;<\/span><\/h3>\n<p>M\u1ee5c ti\u00eau c\u1ee7a ch\u00fang t\u00f4i l\u00e0 tr\u1edf th\u00e0nh trung t\u00e2m c\u1ee7a ng\u00e0nh d\u1ecbch v\u1ee5 t\u00e0i ch\u00ednh khi c\u00e1c doanh nghi\u1ec7p m\u1edf r\u1ed9ng.<\/p>\n<p>JohnSmith Gi\u00e1m \u0111\u1ed1c \u0111i\u1ec1u h\u00e0nh c\u1ee7a Financity<br \/>\n\t\t\n<style>\n#text-2427690667 {\n  font-size: 1.2rem;\n  line-height: 1;\n}\n<\/style>\n\t<\/div>\n\t\n\t\t<\/div>\n\t\t\t\t\n<style>\n#col-2033272866 > .col-inner {\n  padding: 60px 30px 60px 30px;\n}\n@media (min-width:550px) {\n  #col-2033272866 > .col-inner {\n    padding: 100px 40px 100px 60px;\n  }\n}\n@media (min-width:850px) {\n  #col-2033272866 > .col-inner {\n    padding: 200px 40px 200px 60px;\n  }\n}\n<\/style>\n\t<\/div>\n\n\t\n<\/div>\n\t\t<\/div>\n\n\t\t\n<style>\n#section_2099497870 {\n  padding-top: 0px;\n  padding-bottom: 0px;\n  min-height: 500px;\n  background-color: rgb(248, 248, 248);\n}\n<\/style>\n\t<\/section>\n\t\n\t<section class=\"section dark\" id=\"section_2080940265\">\n\t\t<div class=\"bg section-bg fill bg-fill  bg-loaded\" >\n\n\t\t\t\n\t\t\t\n\t\t\t\n\n\t\t<\/div>\n\n\t\t\n\n\t\t<div class=\"section-content relative\">\n\t\t\t\n\t<div id=\"gap-2010432471\" class=\"gap-element clearfix\" style=\"display:block; height:auto;\">\n\t\t\n<style>\n#gap-2010432471 {\n  padding-top: 30px;\n}\n<\/style>\n\t<\/div>\n\t\n<div class=\"row align-middle\"  id=\"row-1047598476\">\n\n\t<div id=\"col-1781735092\" class=\"col medium-2 small-6 large-2\"  >\n\t\t\t\t<div class=\"col-inner\"  >\n\t\t\t\n\t\t\t\n\t<div class=\"img has-hover x md-x lg-x y md-y lg-y\" id=\"image_1494118317\">\n\t\t\t\t\t\t\t\t<div class=\"img-inner dark\" >\n\t\t\t<img loading=\"lazy\" decoding=\"async\" width=\"248\" height=\"120\" src=\"https:\/\/buivancuong073.mbws.vn\/wp-content\/uploads\/banner-1.png\" class=\"attachment-original size-original\" alt=\"\" \/>\t\t\t\t\t\t\n\t\t\t\t\t<\/div>\n\t\t\t\t\t\t\t\t\n<style>\n#image_1494118317 {\n  width: 100%;\n}\n<\/style>\n\t<\/div>\n\t\n\t\t<\/div>\n\t\t\t\t\t<\/div>\n\n\t\n\n\t<div id=\"col-1154738092\" class=\"col medium-2 small-6 large-2\"  >\n\t\t\t\t<div class=\"col-inner\"  >\n\t\t\t\n\t\t\t\n\t<div class=\"img has-hover x md-x lg-x y md-y lg-y\" id=\"image_1998085643\">\n\t\t\t\t\t\t\t\t<div class=\"img-inner dark\" >\n\t\t\t<img loading=\"lazy\" decoding=\"async\" width=\"248\" height=\"120\" src=\"https:\/\/buivancuong073.mbws.vn\/wp-content\/uploads\/banner-2.png\" class=\"attachment-original size-original\" alt=\"\" \/>\t\t\t\t\t\t\n\t\t\t\t\t<\/div>\n\t\t\t\t\t\t\t\t\n<style>\n#image_1998085643 {\n  width: 100%;\n}\n<\/style>\n\t<\/div>\n\t\n\t\t<\/div>\n\t\t\t\t\t<\/div>\n\n\t\n\n\t<div id=\"col-103737908\" class=\"col medium-2 small-6 large-2\"  >\n\t\t\t\t<div class=\"col-inner\"  >\n\t\t\t\n\t\t\t\n\t<div class=\"img has-hover x md-x lg-x y md-y lg-y\" id=\"image_1237534483\">\n\t\t\t\t\t\t\t\t<div class=\"img-inner dark\" >\n\t\t\t<img loading=\"lazy\" decoding=\"async\" width=\"248\" height=\"120\" src=\"https:\/\/buivancuong073.mbws.vn\/wp-content\/uploads\/banner-3.png\" class=\"attachment-original size-original\" alt=\"\" \/>\t\t\t\t\t\t\n\t\t\t\t\t<\/div>\n\t\t\t\t\t\t\t\t\n<style>\n#image_1237534483 {\n  width: 100%;\n}\n<\/style>\n\t<\/div>\n\t\n\t\t<\/div>\n\t\t\t\t\t<\/div>\n\n\t\n\n\t<div id=\"col-2013043549\" class=\"col medium-2 small-6 large-2\"  >\n\t\t\t\t<div class=\"col-inner\"  >\n\t\t\t\n\t\t\t\n\t<div class=\"img has-hover x md-x lg-x y md-y lg-y\" id=\"image_1736035242\">\n\t\t\t\t\t\t\t\t<div class=\"img-inner dark\" >\n\t\t\t<img loading=\"lazy\" decoding=\"async\" width=\"248\" height=\"120\" src=\"https:\/\/buivancuong073.mbws.vn\/wp-content\/uploads\/banner-4-1.png\" class=\"attachment-original size-original\" alt=\"\" \/>\t\t\t\t\t\t\n\t\t\t\t\t<\/div>\n\t\t\t\t\t\t\t\t\n<style>\n#image_1736035242 {\n  width: 100%;\n}\n<\/style>\n\t<\/div>\n\t\n\t\t<\/div>\n\t\t\t\t\t<\/div>\n\n\t\n\n\t<div id=\"col-483112302\" class=\"col medium-2 small-6 large-2\"  >\n\t\t\t\t<div class=\"col-inner\"  >\n\t\t\t\n\t\t\t\n\t<div class=\"img has-hover x md-x lg-x y md-y lg-y\" id=\"image_1016637417\">\n\t\t\t\t\t\t\t\t<div class=\"img-inner dark\" >\n\t\t\t<img loading=\"lazy\" decoding=\"async\" width=\"248\" height=\"120\" src=\"https:\/\/buivancuong073.mbws.vn\/wp-content\/uploads\/banner-5.png\" class=\"attachment-original size-original\" alt=\"\" \/>\t\t\t\t\t\t\n\t\t\t\t\t<\/div>\n\t\t\t\t\t\t\t\t\n<style>\n#image_1016637417 {\n  width: 100%;\n}\n<\/style>\n\t<\/div>\n\t\n\t\t<\/div>\n\t\t\t\t\t<\/div>\n\n\t\n\n\t<div id=\"col-389284502\" class=\"col medium-2 small-6 large-2\"  >\n\t\t\t\t<div class=\"col-inner\"  >\n\t\t\t\n\t\t\t\n\t<div class=\"img has-hover x md-x lg-x y md-y lg-y\" id=\"image_470806118\">\n\t\t\t\t\t\t\t\t<div class=\"img-inner dark\" >\n\t\t\t<img loading=\"lazy\" decoding=\"async\" width=\"248\" height=\"120\" src=\"https:\/\/buivancuong073.mbws.vn\/wp-content\/uploads\/banner-1.png\" class=\"attachment-original size-original\" alt=\"\" \/>\t\t\t\t\t\t\n\t\t\t\t\t<\/div>\n\t\t\t\t\t\t\t\t\n<style>\n#image_470806118 {\n  width: 100%;\n}\n<\/style>\n\t<\/div>\n\t\n\t\t<\/div>\n\t\t\t\t\t<\/div>\n\n\t\n<\/div>\n\t\t<\/div>\n\n\t\t\n<style>\n#section_2080940265 {\n  padding-top: 30px;\n  padding-bottom: 30px;\n  background-color: rgb(28, 27, 59);\n}\n<\/style>\n\t<\/section>\n\t\n\t<section class=\"section\" id=\"section_1570440697\">\n\t\t<div class=\"bg section-bg fill bg-fill  bg-loaded\" >\n\n\t\t\t\n\t\t\t\n\t\t\t\n\n\t\t<\/div>\n\n\t\t\n\n\t\t<div class=\"section-content relative\">\n\t\t\t\n<div class=\"row row-collapse align-equal\"  id=\"row-2097341657\">\n\n\t<div id=\"col-1792329910\" class=\"col medium-6 small-12 large-6\"  >\n\t\t\t\t<div class=\"col-inner\"  >\n\t\t\t\n\t\t\t\n\t<div id=\"text-1578227609\" class=\"text\">\n\t\t\n<h3>Nh\u00f3m KU c\u00f3 m\u1ed9t c\u00e2u chuy\u1ec7n d\u00e0i<\/h3>\n<p>Xa x\u00f4i, \u0111\u1eb1ng sau nh\u1eefng ng\u1ecdn n\u00fai ch\u1eef, xa c\u00e1c qu\u1ed1c gia Vokalia v\u00e0 Consonantia, c\u00f3 nh\u1eefng b\u1ea3n v\u0103n m\u00f9 qu\u00e1ng. T\u00e1ch bi\u1ec7t h\u1ecd s\u1ed1ng trong<\/p>\n<p>Bookmarksgrove ngay t\u1ea1i b\u1edd bi\u1ec3n c\u1ee7a Semantics, m\u1ed9t \u0111\u1ea1i d\u01b0\u01a1ng ng\u00f4n ng\u1eef r\u1ed9ng l\u1edbn. M\u1ed9t con s\u00f4ng nh\u1ecf t\u00ean l\u00e0 Duden ch\u1ea3y qua v\u1ecb tr\u00ed c\u1ee7a h\u1ecd v\u00e0 cung c\u1ea5p cho n\u00f3 regelialia c\u1ea7n thi\u1ebft. \u0110\u00f3 l\u00e0 m\u1ed9t \u0111\u1ea5t n\u01b0\u1edbc thi\u00ean \u0111\u01b0\u1eddng, trong \u0111\u00f3 c\u00e1c ph\u1ea7n rang c\u1ee7a c\u00e2u bay v\u00e0o mi\u1ec7ng b\u1ea1n. Ngay c\u1ea3 Pointing to\u00e0n n\u0103ng c\u0169ng kh\u00f4ng ki\u1ec3m so\u00e1t \u0111\u01b0\u1ee3c c\u00e1c v\u0103n b\u1ea3n m\u00f9, \u0111\u00f3 l\u00e0 m\u1ed9t cu\u1ed9c s\u1ed1ng g\u1ea7n nh\u01b0 kh\u00f4ng ch\u00ednh t\u1ea3: Tuy nhi\u00ean, m\u1ed9t ng\u00e0y n\u1ecd, m\u1ed9t d\u00f2ng v\u0103n b\u1ea3n m\u00f9 nh\u1ecf t\u00ean l\u00e0 Lorem Ipsum quy\u1ebft \u0111\u1ecbnh r\u1eddi kh\u1ecfi Th\u1ebf gi\u1edbi ng\u1eef ph\u00e1p xa x\u00f4i.<br \/>\n\t\t\n<style>\n#text-1578227609 {\n  font-size: 1rem;\n  line-height: 1.6;\n}\n<\/style>\n\t<\/div>\n\t\n\t\t<\/div>\n\t\t\t\t\n<style>\n#col-1792329910 > .col-inner {\n  padding: 60px 30px 60px 30px;\n}\n@media (min-width:550px) {\n  #col-1792329910 > .col-inner {\n    padding: 100px 50px 100px 0px;\n  }\n}\n<\/style>\n\t<\/div>\n\n\t\n\n\t<div id=\"col-43310005\" class=\"col medium-6 small-12 large-6\"  >\n\t\t\t\t<div class=\"col-inner\"  >\n\t\t\t\n\t\t\t\n<div class=\"is-divider divider clearfix\" style=\"max-width:100%;height:2px;background-color:rgb(197, 2, 39);\"><\/div>\n\t<div id=\"text-277737944\" class=\"text\">\n\t\t\n<h3>L\u00e0m th\u1ebf n\u00e0o \u0111\u1ec3 tham gia?<\/h3>\n<p>T\u00e1ch ra, h\u1ecd s\u1ed1ng \u1edf Bookmarksgrove ngay t\u1ea1i b\u1edd bi\u1ec3n Semantics, m\u1ed9t \u0111\u1ea1i d\u01b0\u01a1ng ng\u00f4n ng\u1eef r\u1ed9ng l\u1edbn. M\u1ed9t con s\u00f4ng nh\u1ecf t\u00ean l\u00e0 Duden ch\u1ea3y qua v\u1ecb tr\u00ed c\u1ee7a h\u1ecd v\u00e0 cung c\u1ea5p cho n\u00f3 regelialia c\u1ea7n thi\u1ebft. \u0110\u00f3 l\u00e0 m\u1ed9t \u0111\u1ea5t n\u01b0\u1edbc thi\u00ean \u0111\u01b0\u1eddng, trong \u0111\u00f3 c\u00e1c ph\u1ea7n rang c\u1ee7a c\u00e2u bay v\u00e0o mi\u1ec7ng b\u1ea1n. Ngay c\u1ea3 Ch\u1ec9 tay to\u00e0n n\u0103ng c\u0169ng kh\u00f4ng ki\u1ec3m so\u00e1t \u0111\u01b0\u1ee3c c\u00e1c v\u0103n b\u1ea3n m\u00f9; \u0111\u00f3 l\u00e0 m\u1ed9t cu\u1ed9c s\u1ed1ng g\u1ea7n nh\u01b0 kh\u00f4ng ch\u00ednh th\u1ed1ng.<br \/>\n\t\t\n<style>\n#text-277737944 {\n  font-size: 1rem;\n  line-height: 1.6;\n}\n<\/style>\n\t<\/div>\n\t\n<a class=\"button primary lowercase\"  style=\"padding:10px 30px 10px 30px;\">\n    <span>S\u00e1ch h\u01b0\u1edbng d\u1eabn \u0111i\u1ec1n kinh<\/span>\n  <i class=\"icon-pen-alt-fill\" aria-hidden=\"true\" ><\/i><\/a>\n\n\t\t<\/div>\n\t\t\t\t\n<style>\n#col-43310005 > .col-inner {\n  padding: 60px 30px 60px 30px;\n}\n@media (min-width:550px) {\n  #col-43310005 > .col-inner {\n    padding: 100px 0px 100px 50px;\n  }\n}\n<\/style>\n\t<\/div>\n\n\t\n<\/div>\n\t\t<\/div>\n\n\t\t\n<style>\n#section_1570440697 {\n  padding-top: 0px;\n  padding-bottom: 0px;\n  min-height: 300px;\n  background-color: rgb(255, 255, 255);\n}\n<\/style>\n\t<\/section>\n\t\n","protected":false},"excerpt":{"rendered":"","protected":false},"author":1,"featured_media":0,"parent":0,"menu_order":0,"comment_status":"closed","ping_status":"closed","template":"page-transparent-header-light.php","meta":{"footnotes":""},"_links":{"self":[{"href":"https:\/\/buivancuong073.mbws.vn\/en\/wp-json\/wp\/v2\/pages\/767"}],"collection":[{"href":"https:\/\/buivancuong073.mbws.vn\/en\/wp-json\/wp\/v2\/pages"}],"about":[{"href":"https:\/\/buivancuong073.mbws.vn\/en\/wp-json\/wp\/v2\/types\/page"}],"author":[{"embeddable":true,"href":"https:\/\/buivancuong073.mbws.vn\/en\/wp-json\/wp\/v2\/users\/1"}],"replies":[{"embeddable":true,"href":"https:\/\/buivancuong073.mbws.vn\/en\/wp-json\/wp\/v2\/comments?post=767"}],"version-history":[{"count":0,"href":"https:\/\/buivancuong073.mbws.vn\/en\/wp-json\/wp\/v2\/pages\/767\/revisions"}],"wp:attachment":[{"href":"https:\/\/buivancuong073.mbws.vn\/en\/wp-json\/wp\/v2\/media?parent=767"}],"curies":[{"name":"wp","href":"https:\/\/api.w.org\/{rel}","templated":true}]}}