{"id":779,"date":"2024-01-23T11:54:14","date_gmt":"2024-01-23T04:54:14","guid":{"rendered":"https:\/\/buivancuong073.mbws.vn\/bang-gia\/"},"modified":"2024-01-23T11:54:14","modified_gmt":"2024-01-23T04:54:14","slug":"bang-gia","status":"publish","type":"page","link":"https:\/\/buivancuong073.mbws.vn\/en\/bang-gia\/","title":{"rendered":"B\u1ea3ng gi\u00e1"},"content":{"rendered":"\t<section class=\"section top-gradient bottom-gradient mbws_banner-content-center\" id=\"section_1474597372\">\n\t\t<div class=\"bg section-bg fill bg-fill  \" >\n\n\t\t\t\n\t\t\t\n\t\t\t\n\n\t\t<\/div>\n\n\t\t\n\n\t\t<div class=\"section-content relative\">\n\t\t\t\n<div class=\"row row-collapse\"  id=\"row-1336086823\">\n\n\t<div id=\"col-1580444820\" class=\"col small-12 large-12\"  >\n\t\t\t\t<div class=\"col-inner\"  >\n\t\t\t\n\t\t\t\n  <div id=\"page-header-1290474518\" class=\"page-header-wrapper\">\n  <div class=\"page-title dark simple-title\">\n\n    \n    <div class=\"page-title-inner container align-top flex-row medium-flex-wrap\" >\n              <div class=\"title-wrapper is-larger flex-col text-left medium-text-center\">\n          <h1 class=\"entry-title mb-0\">\n            B\u1ea3ng h\u1ecdc ph\u00ed          <\/h1>\n        <\/div>\n                <div class=\"page-title-sub op-7 flex-col ml medium-text-center\">\n          <p class=\"lead\">Li\u00ean h\u1ec7<\/p>\n        <\/div>\n                    <div class=\"title-content flex-col flex-right text-right medium-text-center\">\n        <div class=\"title-breadcrumbs pb-half pt-half\"><\/div>      <\/div>\n    <\/div>\n\n     \n<style>\n#page-header-1290474518 .title-bg {\n  background-position: 53% 20%;\n}\n<\/style>\n  <\/div>\n    <\/div>\n  \n\t\t<\/div>\n\t\t\t\t\n<style>\n#col-1580444820 > .col-inner {\n  padding: 0px 0px 0px 0px;\n}\n<\/style>\n\t<\/div>\n\n\t\n<\/div>\n\t\t<\/div>\n\n\t\t\n<style>\n#section_1474597372 {\n  padding-top: 0px;\n  padding-bottom: 0px;\n  min-height: 560px;\n}\n#section_1474597372 .section-bg.bg-loaded {\n  background-image: url(https:\/\/buivancuong073.mbws.vn\/wp-content\/uploads\/page-title.jpg);\n}\n#section_1474597372 .section-bg {\n  background-position: 52% 0%;\n}\n<\/style>\n\t<\/section>\n\t\n\t<section class=\"section\" id=\"section_1303968407\">\n\t\t<div class=\"bg section-bg fill bg-fill  bg-loaded\" >\n\n\t\t\t\n\t\t\t\n\t\t\t\n\n\t\t<\/div>\n\n\t\t\n\n\t\t<div class=\"section-content relative\">\n\t\t\t\n<div class=\"row\"  id=\"row-1061873315\">\n\n\t<div id=\"col-1526571210\" class=\"col small-12 large-12\"  >\n\t\t\t\t<div class=\"col-inner\"  >\n\t\t\t\n\t\t\t\n<p>V\u00ed d\u1ee5 v\u1ec1 b\u1ea3ng gi\u00e1<\/p>\n<h3 class=\"uppercase\">B\u1ea3ng h\u1ecdc ph\u00ed<\/h3>\n<p>Kingster l\u00e0 m\u1ed9t tr\u01b0\u1eddng qu\u1ed1c t\u1ebf h\u00e0ng \u0111\u1ea7u v\u1edbi s\u1ee9 m\u1ec7nh cung c\u1ea5p m\u00f4i tr\u01b0\u1eddng h\u1ecdc t\u1eadp \u0111a d\u1ea1ng v\u00e0 ph\u00e1t tri\u1ec3n c\u00e1 nh\u00e2n cho h\u1ecdc sinh tr\u00ean kh\u1eafp th\u1ebf gi\u1edbi. V\u1edbi ch\u1ea5t l\u01b0\u1ee3ng gi\u00e1o d\u1ee5c h\u00e0ng \u0111\u1ea7u, \u0111\u1ed9i ng\u0169 gi\u1ea3ng vi\u00ean ch\u1ea5t l\u01b0\u1ee3ng v\u00e0 c\u00e1c ch\u01b0\u01a1ng tr\u00ecnh h\u1ecdc \u0111a d\u1ea1ng, Kingster cam k\u1ebft mang \u0111\u1ebfn cho h\u1ecdc sinh ki\u1ebfn th\u1ee9c v\u00e0 k\u1ef9 n\u0103ng c\u1ea7n thi\u1ebft \u0111\u1ec3 th\u00e0nh c\u00f4ng trong t\u01b0\u01a1ng lai. Tr\u01b0\u1eddng qu\u1ed1c t\u1ebf Kingster lu\u00f4n \u1ea5p \u1ee7 \u01b0\u1edbc m\u01a1 c\u1ee7a h\u1ecdc sinh v\u00e0 \u0111\u00f3ng g\u00f3p t\u00edch c\u1ef1c v\u00e0o s\u1ef1 ph\u00e1t tri\u1ec3n c\u1ee7a c\u1ed9ng \u0111\u1ed3ng qu\u1ed1c t\u1ebf.<\/p>\n\t\t<\/div>\n\t\t\t\t\t<\/div>\n\n\t\n\n<style>\n#row-1061873315 > .col > .col-inner {\n  padding: 0px 0px 50px 0px;\n}\n<\/style>\n<\/div>\n<div class=\"row align-equal align-center mbws-price-table\"  id=\"row-824380856\">\n\n\t<div id=\"col-1618821253\" class=\"col medium-4 small-12 large-4\"  >\n\t\t\t\t<div class=\"col-inner text-center\"  >\n\t\t\t\n\t\t\t\n<div class=\"row row-collapse\"  id=\"row-1548821940\">\n\n\t<div id=\"col-791555175\" class=\"col small-12 large-12\"  >\n\t\t\t\t<div class=\"col-inner text-center dark\" style=\"background-color:rgb(62, 62, 62);\" >\n\t\t\t\n\t\t\t\n\n<p><i class=\"fa fa-lightbulb-o\" style=\"font-size: 4rem;\"><\/i><br \/>\n\n\t<div id=\"gap-314556201\" class=\"gap-element clearfix\" style=\"display:block; height:auto;\">\n\t\t\n<style>\n#gap-314556201 {\n  padding-top: 10px;\n}\n<\/style>\n\t<\/div>\n\t\n<h1 style=\"color: #0082fa;\">Starter<\/h1>\n<p>D\u00e0nh cho ng\u01b0\u1eddi m\u1edbi b\u1eaft \u0111\u1ea7u<\/p>\n\t\t<\/div>\n\t\t\t\t\n<style>\n#col-791555175 > .col-inner {\n  padding: 50px 0px 30px 0px;\n}\n<\/style>\n\t<\/div>\n\n\t\n<\/div>\n\t<div id=\"text-1483162964\" class=\"text price\">\n\t\t\n<p>10 tr\/ th\u00e1ng<\/p>\n\t\t\n<style>\n#text-1483162964 {\n  font-size: 2rem;\n  text-align: center;\n}\n<\/style>\n\t<\/div>\n\t\n\t<div class=\"ux-menu stack stack-col justify-start mbws-price-list ux-menu--divider-solid\">\n\t\t\n\t<div class=\"ux-menu-link flex menu-item\">\n\t\t<a class=\"ux-menu-link__link flex\" href=\"#\" >\n\t\t\t<i class=\"ux-menu-link__icon text-center icon-checkmark\" ><\/i>\t\t\t<span class=\"ux-menu-link__text\">\n\t\t\t\tDanh s\u00e1ch m\u1ee5c \u1edf \u0111\u00e2y\t\t\t<\/span>\n\t\t<\/a>\n\t<\/div>\n\t\n\t<div class=\"ux-menu-link flex menu-item\">\n\t\t<a class=\"ux-menu-link__link flex\" href=\"#\" >\n\t\t\t<i class=\"ux-menu-link__icon text-center icon-checkmark\" ><\/i>\t\t\t<span class=\"ux-menu-link__text\">\n\t\t\t\tDanh s\u00e1ch m\u1ee5c \u1edf \u0111\u00e2y\t\t\t<\/span>\n\t\t<\/a>\n\t<\/div>\n\t\n\t<div class=\"ux-menu-link flex menu-item\">\n\t\t<a class=\"ux-menu-link__link flex\" href=\"#\" >\n\t\t\t<i class=\"ux-menu-link__icon text-center icon-checkmark\" ><\/i>\t\t\t<span class=\"ux-menu-link__text\">\n\t\t\t\tDanh s\u00e1ch m\u1ee5c \u1edf \u0111\u00e2y\t\t\t<\/span>\n\t\t<\/a>\n\t<\/div>\n\t\n\t<div class=\"ux-menu-link flex menu-item\">\n\t\t<a class=\"ux-menu-link__link flex\" href=\"#\" >\n\t\t\t<i class=\"ux-menu-link__icon text-center icon-checkmark\" ><\/i>\t\t\t<span class=\"ux-menu-link__text\">\n\t\t\t\tDanh s\u00e1ch m\u1ee5c \u1edf \u0111\u00e2y\t\t\t<\/span>\n\t\t<\/a>\n\t<\/div>\n\t\n\t<div class=\"ux-menu-link flex menu-item\">\n\t\t<a class=\"ux-menu-link__link flex\" href=\"#\" >\n\t\t\t<i class=\"ux-menu-link__icon text-center icon-checkmark\" ><\/i>\t\t\t<span class=\"ux-menu-link__text\">\n\t\t\t\tDanh s\u00e1ch m\u1ee5c \u1edf \u0111\u00e2y\t\t\t<\/span>\n\t\t<\/a>\n\t<\/div>\n\t\n\t<div class=\"ux-menu-link flex menu-item\">\n\t\t<a class=\"ux-menu-link__link flex\" href=\"#\" >\n\t\t\t<i class=\"ux-menu-link__icon text-center icon-checkmark\" ><\/i>\t\t\t<span class=\"ux-menu-link__text\">\n\t\t\t\tDanh s\u00e1ch m\u1ee5c \u1edf \u0111\u00e2y\t\t\t<\/span>\n\t\t<\/a>\n\t<\/div>\n\t\n\t<\/div>\n\t\n<div class=\"row row-collapse\"  id=\"row-463162830\">\n\n\t<div id=\"col-1146743574\" class=\"col small-12 large-12\"  >\n\t\t\t\t<div class=\"col-inner text-center dark\"  >\n\t\t\t\n\t\t\t\n\t<div id=\"gap-306880758\" class=\"gap-element clearfix\" style=\"display:block; height:auto;\">\n\t\t\n<style>\n#gap-306880758 {\n  padding-top: 10px;\n}\n<\/style>\n\t<\/div>\n\t\n<a class=\"button secondary\"  style=\"border-radius:99px;padding:10px 30px 10px 30px;\">\n    <span>T\u00ecm hi\u1ec3u th\u00eam<\/span>\n  <\/a>\n\n\t\t<\/div>\n\t\t\t\t\n<style>\n#col-1146743574 > .col-inner {\n  padding: 30px 0px 30px 0px;\n}\n<\/style>\n\t<\/div>\n\n\t\n<\/div>\n\t\t<\/div>\n\t\t\t\t\t<\/div>\n\n\t\n\n\t<div id=\"col-1576404746\" class=\"col medium-4 small-12 large-4\"  >\n\t\t\t\t<div class=\"col-inner text-center\"  >\n\t\t\t\n\t\t\t\n<div class=\"row row-collapse\"  id=\"row-1674584822\">\n\n\t<div id=\"col-1489143034\" class=\"col small-12 large-12\"  >\n\t\t\t\t<div class=\"col-inner text-center dark\" style=\"background-color:rgb(0, 130, 250);\" >\n\t\t\t\n\t\t\t\n\n<p><i class=\"fa fa-codepen\" style=\"font-size: 4rem;\"><\/i><br \/>\n\n\t<div id=\"gap-420049926\" class=\"gap-element clearfix\" style=\"display:block; height:auto;\">\n\t\t\n<style>\n#gap-420049926 {\n  padding-top: 10px;\n}\n<\/style>\n\t<\/div>\n\t\n<h1>Pro<\/h1>\n<p>Ph\u00f9 h\u1ee3p v\u1edbi chuy\u00ean gia<\/p>\n\t\t<\/div>\n\t\t\t\t\n<style>\n#col-1489143034 > .col-inner {\n  padding: 50px 0px 30px 0px;\n}\n<\/style>\n\t<\/div>\n\n\t\n<\/div>\n\t<div id=\"text-1754048629\" class=\"text price\">\n\t\t\n<p>20 tr\/ th\u00e1ng<\/p>\n\t\t\n<style>\n#text-1754048629 {\n  font-size: 2rem;\n  text-align: center;\n}\n<\/style>\n\t<\/div>\n\t\n\t<div class=\"ux-menu stack stack-col justify-start mbws-price-list ux-menu--divider-solid\">\n\t\t\n\t<div class=\"ux-menu-link flex menu-item\">\n\t\t<a class=\"ux-menu-link__link flex\" href=\"#\" >\n\t\t\t<i class=\"ux-menu-link__icon text-center icon-checkmark\" ><\/i>\t\t\t<span class=\"ux-menu-link__text\">\n\t\t\t\tDanh s\u00e1ch m\u1ee5c \u1edf \u0111\u00e2y\t\t\t<\/span>\n\t\t<\/a>\n\t<\/div>\n\t\n\t<div class=\"ux-menu-link flex menu-item\">\n\t\t<a class=\"ux-menu-link__link flex\" href=\"#\" >\n\t\t\t<i class=\"ux-menu-link__icon text-center icon-checkmark\" ><\/i>\t\t\t<span class=\"ux-menu-link__text\">\n\t\t\t\tDanh s\u00e1ch m\u1ee5c \u1edf \u0111\u00e2y\t\t\t<\/span>\n\t\t<\/a>\n\t<\/div>\n\t\n\t<div class=\"ux-menu-link flex menu-item\">\n\t\t<a class=\"ux-menu-link__link flex\" href=\"#\" >\n\t\t\t<i class=\"ux-menu-link__icon text-center icon-checkmark\" ><\/i>\t\t\t<span class=\"ux-menu-link__text\">\n\t\t\t\tDanh s\u00e1ch m\u1ee5c \u1edf \u0111\u00e2y\t\t\t<\/span>\n\t\t<\/a>\n\t<\/div>\n\t\n\t<div class=\"ux-menu-link flex menu-item\">\n\t\t<a class=\"ux-menu-link__link flex\" href=\"#\" >\n\t\t\t<i class=\"ux-menu-link__icon text-center icon-checkmark\" ><\/i>\t\t\t<span class=\"ux-menu-link__text\">\n\t\t\t\tDanh s\u00e1ch m\u1ee5c \u1edf \u0111\u00e2y\t\t\t<\/span>\n\t\t<\/a>\n\t<\/div>\n\t\n\t<div class=\"ux-menu-link flex menu-item\">\n\t\t<a class=\"ux-menu-link__link flex\" href=\"#\" >\n\t\t\t<i class=\"ux-menu-link__icon text-center icon-checkmark\" ><\/i>\t\t\t<span class=\"ux-menu-link__text\">\n\t\t\t\tDanh s\u00e1ch m\u1ee5c \u1edf \u0111\u00e2y\t\t\t<\/span>\n\t\t<\/a>\n\t<\/div>\n\t\n\t<div class=\"ux-menu-link flex menu-item\">\n\t\t<a class=\"ux-menu-link__link flex\" href=\"#\" >\n\t\t\t<i class=\"ux-menu-link__icon text-center icon-checkmark\" ><\/i>\t\t\t<span class=\"ux-menu-link__text\">\n\t\t\t\tDanh s\u00e1ch m\u1ee5c \u1edf \u0111\u00e2y\t\t\t<\/span>\n\t\t<\/a>\n\t<\/div>\n\t\n\t<\/div>\n\t\n<div class=\"row row-collapse\"  id=\"row-1458868765\">\n\n\t<div id=\"col-1616583394\" class=\"col small-12 large-12\"  >\n\t\t\t\t<div class=\"col-inner text-center dark\"  >\n\t\t\t\n\t\t\t\n\t<div id=\"gap-1539969375\" class=\"gap-element clearfix\" style=\"display:block; height:auto;\">\n\t\t\n<style>\n#gap-1539969375 {\n  padding-top: 10px;\n}\n<\/style>\n\t<\/div>\n\t\n<a class=\"button secondary\"  style=\"border-radius:99px;padding:10px 30px 10px 30px;\">\n    <span>T\u00ecm hi\u1ec3u th\u00eam<\/span>\n  <\/a>\n\n\t\t<\/div>\n\t\t\t\t\n<style>\n#col-1616583394 > .col-inner {\n  padding: 30px 0px 30px 0px;\n}\n<\/style>\n\t<\/div>\n\n\t\n<\/div>\n\t\t<\/div>\n\t\t\t\t\n<style>\n#col-1576404746 > .col-inner {\n  margin: -30px 0px 0px 0px;\n}\n<\/style>\n\t<\/div>\n\n\t\n\n\t<div id=\"col-819483465\" class=\"col medium-4 small-12 large-4\"  >\n\t\t\t\t<div class=\"col-inner text-center\"  >\n\t\t\t\n\t\t\t\n<div class=\"row row-collapse\"  id=\"row-1500197457\">\n\n\t<div id=\"col-449753529\" class=\"col small-12 large-12\"  >\n\t\t\t\t<div class=\"col-inner text-center dark\" style=\"background-color:rgb(62, 62, 62);\" >\n\t\t\t\n\t\t\t\n\n<p><i class=\"fa fa-connectdevelop\" style=\"font-size: 4rem;\"><\/i><br \/>\n\n\t<div id=\"gap-1857571083\" class=\"gap-element clearfix\" style=\"display:block; height:auto;\">\n\t\t\n<style>\n#gap-1857571083 {\n  padding-top: 10px;\n}\n<\/style>\n\t<\/div>\n\t\n<h1 style=\"color: #0082fa;\">Enterprise<\/h1>\n<p>Ph\u00f9 h\u1ee3p v\u1edbi doanh nghi\u1ec7p<\/p>\n\t\t<\/div>\n\t\t\t\t\n<style>\n#col-449753529 > .col-inner {\n  padding: 50px 0px 30px 0px;\n}\n<\/style>\n\t<\/div>\n\n\t\n<\/div>\n\t<div id=\"text-2405683706\" class=\"text price\">\n\t\t\n<p>Li\u00ean h\u1ec7<\/p>\n\t\t\n<style>\n#text-2405683706 {\n  font-size: 2rem;\n  text-align: center;\n}\n<\/style>\n\t<\/div>\n\t\n\t<div class=\"ux-menu stack stack-col justify-start mbws-price-list ux-menu--divider-solid\">\n\t\t\n\t<div class=\"ux-menu-link flex menu-item\">\n\t\t<a class=\"ux-menu-link__link flex\" href=\"#\" >\n\t\t\t<i class=\"ux-menu-link__icon text-center icon-checkmark\" ><\/i>\t\t\t<span class=\"ux-menu-link__text\">\n\t\t\t\tDanh s\u00e1ch m\u1ee5c \u1edf \u0111\u00e2y\t\t\t<\/span>\n\t\t<\/a>\n\t<\/div>\n\t\n\t<div class=\"ux-menu-link flex menu-item\">\n\t\t<a class=\"ux-menu-link__link flex\" href=\"#\" >\n\t\t\t<i class=\"ux-menu-link__icon text-center icon-checkmark\" ><\/i>\t\t\t<span class=\"ux-menu-link__text\">\n\t\t\t\tDanh s\u00e1ch m\u1ee5c \u1edf \u0111\u00e2y\t\t\t<\/span>\n\t\t<\/a>\n\t<\/div>\n\t\n\t<div class=\"ux-menu-link flex menu-item\">\n\t\t<a class=\"ux-menu-link__link flex\" href=\"#\" >\n\t\t\t<i class=\"ux-menu-link__icon text-center icon-checkmark\" ><\/i>\t\t\t<span class=\"ux-menu-link__text\">\n\t\t\t\tDanh s\u00e1ch m\u1ee5c \u1edf \u0111\u00e2y\t\t\t<\/span>\n\t\t<\/a>\n\t<\/div>\n\t\n\t<div class=\"ux-menu-link flex menu-item\">\n\t\t<a class=\"ux-menu-link__link flex\" href=\"#\" >\n\t\t\t<i class=\"ux-menu-link__icon text-center icon-checkmark\" ><\/i>\t\t\t<span class=\"ux-menu-link__text\">\n\t\t\t\tDanh s\u00e1ch m\u1ee5c \u1edf \u0111\u00e2y\t\t\t<\/span>\n\t\t<\/a>\n\t<\/div>\n\t\n\t<div class=\"ux-menu-link flex menu-item\">\n\t\t<a class=\"ux-menu-link__link flex\" href=\"#\" >\n\t\t\t<i class=\"ux-menu-link__icon text-center icon-checkmark\" ><\/i>\t\t\t<span class=\"ux-menu-link__text\">\n\t\t\t\tDanh s\u00e1ch m\u1ee5c \u1edf \u0111\u00e2y\t\t\t<\/span>\n\t\t<\/a>\n\t<\/div>\n\t\n\t<div class=\"ux-menu-link flex menu-item\">\n\t\t<a class=\"ux-menu-link__link flex\" href=\"#\" >\n\t\t\t<i class=\"ux-menu-link__icon text-center icon-checkmark\" ><\/i>\t\t\t<span class=\"ux-menu-link__text\">\n\t\t\t\tDanh s\u00e1ch m\u1ee5c \u1edf \u0111\u00e2y\t\t\t<\/span>\n\t\t<\/a>\n\t<\/div>\n\t\n\t<\/div>\n\t\n<div class=\"row row-collapse\"  id=\"row-1486546989\">\n\n\t<div id=\"col-648803893\" class=\"col small-12 large-12\"  >\n\t\t\t\t<div class=\"col-inner text-center dark\"  >\n\t\t\t\n\t\t\t\n\t<div id=\"gap-545887883\" class=\"gap-element clearfix\" style=\"display:block; height:auto;\">\n\t\t\n<style>\n#gap-545887883 {\n  padding-top: 10px;\n}\n<\/style>\n\t<\/div>\n\t\n<a class=\"button secondary\"  style=\"border-radius:99px;padding:10px 30px 10px 30px;\">\n    <span>T\u00ecm hi\u1ec3u th\u00eam<\/span>\n  <\/a>\n\n\t\t<\/div>\n\t\t\t\t\n<style>\n#col-648803893 > .col-inner {\n  padding: 30px 0px 30px 0px;\n}\n<\/style>\n\t<\/div>\n\n\t\n<\/div>\n\t\t<\/div>\n\t\t\t\t\t<\/div>\n\n\t\n\n<style>\n#row-824380856 > .col > .col-inner {\n  background-color: rgb(255,255,255);\n}\n<\/style>\n<\/div>\n\t\t<\/div>\n\n\t\t\n<style>\n#section_1303968407 {\n  padding-top: 100px;\n  padding-bottom: 100px;\n  background-color: rgb(230, 230, 230);\n}\n<\/style>\n\t<\/section>\n\t\n","protected":false},"excerpt":{"rendered":"","protected":false},"author":1,"featured_media":0,"parent":0,"menu_order":0,"comment_status":"closed","ping_status":"closed","template":"page-transparent-header-light.php","meta":{"footnotes":""},"_links":{"self":[{"href":"https:\/\/buivancuong073.mbws.vn\/en\/wp-json\/wp\/v2\/pages\/779"}],"collection":[{"href":"https:\/\/buivancuong073.mbws.vn\/en\/wp-json\/wp\/v2\/pages"}],"about":[{"href":"https:\/\/buivancuong073.mbws.vn\/en\/wp-json\/wp\/v2\/types\/page"}],"author":[{"embeddable":true,"href":"https:\/\/buivancuong073.mbws.vn\/en\/wp-json\/wp\/v2\/users\/1"}],"replies":[{"embeddable":true,"href":"https:\/\/buivancuong073.mbws.vn\/en\/wp-json\/wp\/v2\/comments?post=779"}],"version-history":[{"count":0,"href":"https:\/\/buivancuong073.mbws.vn\/en\/wp-json\/wp\/v2\/pages\/779\/revisions"}],"wp:attachment":[{"href":"https:\/\/buivancuong073.mbws.vn\/en\/wp-json\/wp\/v2\/media?parent=779"}],"curies":[{"name":"wp","href":"https:\/\/api.w.org\/{rel}","templated":true}]}}