{"id":800,"date":"2024-01-09T08:24:10","date_gmt":"2024-01-09T01:24:10","guid":{"rendered":"https:\/\/buivancuong073.mbws.vn\/lien-he\/"},"modified":"2025-10-02T13:20:51","modified_gmt":"2025-10-02T06:20:51","slug":"lien-he","status":"publish","type":"page","link":"https:\/\/buivancuong073.mbws.vn\/en\/lien-he\/","title":{"rendered":"Li\u00ean h\u1ec7"},"content":{"rendered":"\t<section class=\"section top-gradient bottom-gradient\" id=\"section_194816833\">\n\t\t<div class=\"bg section-bg fill bg-fill  \" >\n\n\t\t\t\n\t\t\t\n\t\t\t\n\n\t\t<\/div>\n\n\t\t\n\n\t\t<div class=\"section-content relative\">\n\t\t\t\n<div class=\"row row-collapse\"  id=\"row-1550910675\">\n\n\t<div id=\"col-1953482176\" class=\"col small-12 large-12\"  >\n\t\t\t\t<div class=\"col-inner\"  >\n\t\t\t\n\t\t\t\n  <div id=\"page-header-2094647328\" class=\"page-header-wrapper\">\n  <div class=\"page-title dark simple-title\">\n\n    \n    <div class=\"page-title-inner container align-bottom flex-row medium-flex-wrap\" >\n              <div class=\"title-wrapper is-larger flex-col text-left medium-text-center\">\n          <h1 class=\"entry-title mb-0\">\n            V\u1edbi ch\u00fang t\u00f4i          <\/h1>\n        <\/div>\n                <div class=\"page-title-sub op-7 flex-col ml medium-text-center\">\n          <p class=\"lead\">Li\u00ean h\u1ec7<\/p>\n        <\/div>\n                    <div class=\"title-content flex-col flex-right text-right medium-text-center\">\n        <div class=\"title-breadcrumbs pb-half pt-half\"><\/div>      <\/div>\n    <\/div>\n\n     \n<style>\n#page-header-2094647328 .title-bg {\n  background-position: 53% 20%;\n}\n<\/style>\n  <\/div>\n    <\/div>\n  \n\t\t<\/div>\n\t\t\t\t\n<style>\n#col-1953482176 > .col-inner {\n  padding: 100px 0px 0px 0px;\n}\n@media (min-width:550px) {\n  #col-1953482176 > .col-inner {\n    padding: 100px 0px 0px 0px;\n  }\n}\n@media (min-width:850px) {\n  #col-1953482176 > .col-inner {\n    padding: 340px 0px 0px 0px;\n  }\n}\n<\/style>\n\t<\/div>\n\n\t\n<\/div>\n\t\t<\/div>\n\n\t\t\n<style>\n#section_194816833 {\n  padding-top: 0px;\n  padding-bottom: 0px;\n  min-height: 300px;\n}\n#section_194816833 .section-bg.bg-loaded {\n  background-image: url(https:\/\/buivancuong073.mbws.vn\/wp-content\/uploads\/image-bg-1.jpg);\n}\n#section_194816833 .section-bg {\n  background-position: 52% 0%;\n}\n@media (min-width:550px) {\n  #section_194816833 {\n    min-height: 500px;\n  }\n}\n@media (min-width:850px) {\n  #section_194816833 {\n    min-height: 700px;\n  }\n}\n<\/style>\n\t<\/section>\n\t\n\t<section class=\"section mbws_section-info-contact-page\" id=\"section_384261383\">\n\t\t<div class=\"bg section-bg fill bg-fill  bg-loaded\" >\n\n\t\t\t\n\t\t\t\n\t\t\t\n\n\t\t<\/div>\n\n\t\t\n\n\t\t<div class=\"section-content relative\">\n\t\t\t\n<div class=\"row\"  id=\"row-241960846\">\n\n\t<div id=\"col-405926850\" class=\"col medium-4 small-12 large-4\"  >\n\t\t\t\t<div class=\"col-inner\"  >\n\t\t\t\n\t\t\t\n\t<div class=\"img has-hover x md-x lg-x y md-y lg-y\" id=\"image_1084928065\">\n\t\t\t\t\t\t\t\t<div class=\"img-inner image-cover dark\" style=\"padding-top:100%;\">\n\t\t\t<img loading=\"lazy\" decoding=\"async\" width=\"24\" height=\"24\" src=\"https:\/\/buivancuong073.mbws.vn\/wp-content\/uploads\/phone-call.png\" class=\"attachment-original size-original\" alt=\"\" \/>\t\t\t\t\t\t\n\t\t\t\t\t<\/div>\n\t\t\t\t\t\t\t\t\n<style>\n#image_1084928065 {\n  width: 10%;\n}\n<\/style>\n\t<\/div>\n\t\n\t<div id=\"text-2302907381\" class=\"text\">\n\t\t\n<h3>Hotline<\/h3>\n<p>T\u1ed5ng \u0111\u00e0i h\u1ed7 tr\u1ee3 h\u1ecdc sinh 24\/7<\/p>\n<p style=\"color:#3db166; \">(028) 7777 7999<\/p>\n\t\t\n<style>\n#text-2302907381 {\n  color: rgb(255, 255, 255);\n}\n#text-2302907381 > * {\n  color: rgb(255, 255, 255);\n}\n<\/style>\n\t<\/div>\n\t\n\t\t<\/div>\n\t\t\t\t\n<style>\n#col-405926850 > .col-inner {\n  padding: 0px 15px 0px 15px;\n}\n@media (min-width:550px) {\n  #col-405926850 > .col-inner {\n    padding: 0px 0px 0px 0px;\n  }\n}\n<\/style>\n\t<\/div>\n\n\t\n\n\t<div id=\"col-1552917512\" class=\"col medium-4 small-12 large-4\"  >\n\t\t\t\t<div class=\"col-inner\"  >\n\t\t\t\n\t\t\t\n\t<div class=\"img has-hover x md-x lg-x y md-y lg-y\" id=\"image_375956591\">\n\t\t\t\t\t\t\t\t<div class=\"img-inner image-cover dark\" style=\"padding-top:100%;\">\n\t\t\t<img loading=\"lazy\" decoding=\"async\" width=\"24\" height=\"24\" src=\"https:\/\/buivancuong073.mbws.vn\/wp-content\/uploads\/email.png\" class=\"attachment-original size-original\" alt=\"\" \/>\t\t\t\t\t\t\n\t\t\t\t\t<\/div>\n\t\t\t\t\t\t\t\t\n<style>\n#image_375956591 {\n  width: 10%;\n}\n<\/style>\n\t<\/div>\n\t\n\t<div id=\"text-1145166766\" class=\"text\">\n\t\t\n<h3>Email<\/h3>\n<p>H\u1ed9p th\u01b0 email t\u01b0 v\u1ea5n c\u1ee7a ch\u00fang t\u00f4i<\/p>\n<p style=\"color:#3db166; \">sales@matbao.ws<\/p>\n\t\t\n<style>\n#text-1145166766 {\n  color: rgb(255, 255, 255);\n}\n#text-1145166766 > * {\n  color: rgb(255, 255, 255);\n}\n<\/style>\n\t<\/div>\n\t\n\t\t<\/div>\n\t\t\t\t\n<style>\n#col-1552917512 > .col-inner {\n  padding: 0px 15px 0px 15px;\n}\n@media (min-width:550px) {\n  #col-1552917512 > .col-inner {\n    padding: 0px 0px 0px 0px;\n  }\n}\n<\/style>\n\t<\/div>\n\n\t\n\n\t<div id=\"col-984467419\" class=\"col medium-4 small-12 large-4\"  >\n\t\t\t\t<div class=\"col-inner\"  >\n\t\t\t\n\t\t\t\n\t<div class=\"img has-hover x md-x lg-x y md-y lg-y\" id=\"image_70812357\">\n\t\t\t\t\t\t\t\t<div class=\"img-inner image-cover dark\" style=\"padding-top:100%;\">\n\t\t\t<img loading=\"lazy\" decoding=\"async\" width=\"24\" height=\"24\" src=\"https:\/\/buivancuong073.mbws.vn\/wp-content\/uploads\/location.png\" class=\"attachment-original size-original\" alt=\"\" \/>\t\t\t\t\t\t\n\t\t\t\t\t<\/div>\n\t\t\t\t\t\t\t\t\n<style>\n#image_70812357 {\n  width: 10%;\n}\n<\/style>\n\t<\/div>\n\t\n\t<div id=\"text-1000897704\" class=\"text\">\n\t\t\n<h3>\u0110\u1ecba ch\u1ec9<\/h3>\n<p>54 \u0110\u01b0\u1eddng C1, P.13, Q. T\u00e2n B\u00ecnh, TP. HCM<\/p>\n<p style=\"color:#3db166; \">Xem b\u1ea3n \u0111\u1ed5<\/p>\n\t\t\n<style>\n#text-1000897704 {\n  color: rgb(255, 255, 255);\n}\n#text-1000897704 > * {\n  color: rgb(255, 255, 255);\n}\n<\/style>\n\t<\/div>\n\t\n\t\t<\/div>\n\t\t\t\t\n<style>\n#col-984467419 > .col-inner {\n  padding: 0px 15px 0px 15px;\n}\n@media (min-width:550px) {\n  #col-984467419 > .col-inner {\n    padding: 0px 0px 0px 0px;\n  }\n}\n<\/style>\n\t<\/div>\n\n\t\n<\/div>\n\t\t<\/div>\n\n\t\t\n<style>\n#section_384261383 {\n  padding-top: 0px;\n  padding-bottom: 0px;\n  background-color: rgb(22, 22, 22);\n}\n<\/style>\n\t<\/section>\n\t\n\t<section class=\"section form-lien-he\" id=\"section_1243444990\">\n\t\t<div class=\"bg section-bg fill bg-fill  bg-loaded\" >\n\n\t\t\t\n\t\t\t\n\t\t\t\n\n\t\t<\/div>\n\n\t\t\n\n\t\t<div class=\"section-content relative\">\n\t\t\t\n<div class=\"row align-center\"  id=\"row-1583189932\">\n\n\t<div id=\"col-833107857\" class=\"col medium-12 small-12 large-6\"  >\n\t\t\t\t<div class=\"col-inner\"  >\n\t\t\t\n\t\t\t\n\t<div id=\"text-1151241355\" class=\"text\">\n\t\t\n<h3>\u0110\u1ec2 L\u1ea0I CHO CH\u00daNG T\u00d4I TH\u00d4NG TIN C\u1ee6A B\u1ea0N<\/h3>\n<p>V\u00e0 ch\u00fang t\u00f4i s\u1ebd li\u00ean h\u1ec7 l\u1ea1i v\u1edbi b\u1ea1n.<\/p>\n\t\t\n<style>\n#text-1151241355 {\n  text-align: center;\n}\n<\/style>\n\t<\/div>\n\t\n\n<div class=\"wpcf7 no-js\" id=\"wpcf7-f836-o1\" lang=\"vi\" dir=\"ltr\">\n<div class=\"screen-reader-response\"><p role=\"status\" aria-live=\"polite\" aria-atomic=\"true\"><\/p> <ul><\/ul><\/div>\n<form action=\"\/en\/wp-json\/wp\/v2\/pages\/800#wpcf7-f836-o1\" method=\"post\" class=\"wpcf7-form init\" aria-label=\"Form li\u00ean h\u1ec7\" enctype=\"multipart\/form-data\" novalidate=\"novalidate\" data-status=\"init\">\n<div style=\"display: none;\">\n<input type=\"hidden\" name=\"_wpcf7\" value=\"836\" \/>\n<input type=\"hidden\" name=\"_wpcf7_version\" value=\"5.8.1\" \/>\n<input type=\"hidden\" name=\"_wpcf7_locale\" value=\"vi\" \/>\n<input type=\"hidden\" name=\"_wpcf7_unit_tag\" value=\"wpcf7-f836-o1\" \/>\n<input type=\"hidden\" name=\"_wpcf7_container_post\" value=\"0\" \/>\n<input type=\"hidden\" name=\"_wpcf7_posted_data_hash\" value=\"\" \/>\n<\/div>\n<div style=\"display: none\"><p><span class=\"wpcf7-form-control-wrap\" data-name=\"mbws\"><input size=\"40\" class=\"wpcf7-form-control wpcf7-text\" aria-invalid=\"false\" value=\"\" type=\"text\" name=\"mbws\"><\/span><\/p><\/div><p><label> H\u1ecd t\u00ean*<br \/>\n<span class=\"wpcf7-form-control-wrap\" data-name=\"your-name\"><input size=\"40\" class=\"wpcf7-form-control wpcf7-text wpcf7-validates-as-required\" autocomplete=\"name\" aria-required=\"true\" aria-invalid=\"false\" value=\"\" type=\"text\" name=\"your-name\" \/><\/span> <\/label><br \/>\n<label> H\u00ecnh th\u1ee9c li\u00ean h\u1ec7*<\/label><br \/>\n<span class=\"wpcf7-form-control-wrap\" data-name=\"form\"><span class=\"wpcf7-form-control wpcf7-radio\"><span class=\"wpcf7-list-item first\"><label><input type=\"radio\" name=\"form\" value=\"Nh\u1eafn tin\" checked=\"checked\" \/><span class=\"wpcf7-list-item-label\">Nh\u1eafn tin<\/span><\/label><\/span><span class=\"wpcf7-list-item last\"><label><input type=\"radio\" name=\"form\" value=\"G\u1ecdi \u0111i\u1ec7n\" \/><span class=\"wpcf7-list-item-label\">G\u1ecdi \u0111i\u1ec7n<\/span><\/label><\/span><\/span><\/span><br \/>\n<label> M\u1ea1ng x\u00e3 h\u1ed9i s\u1eed d\u1ee5ng s\u1ed1 \u0111i\u1ec7n tho\u1ea1i*<br \/>\n<span class=\"wpcf7-form-control-wrap\" data-name=\"social\"><input size=\"40\" class=\"wpcf7-form-control wpcf7-text wpcf7-validates-as-required\" aria-required=\"true\" aria-invalid=\"false\" placeholder=\"(zalo, wechat, line, watsapp,...)\" value=\"\" type=\"text\" name=\"social\" \/><\/span> <\/label>\n<\/p>\n<p><label> S\u1ed1 \u0111i\u1ec7n tho\u1ea1i li\u00ean h\u1ec7*<br \/>\n<span class=\"wpcf7-form-control-wrap\" data-name=\"your-tel\"><input size=\"40\" class=\"wpcf7-form-control wpcf7-tel wpcf7-validates-as-required wpcf7-text wpcf7-validates-as-tel\" aria-required=\"true\" aria-invalid=\"false\" value=\"\" type=\"tel\" name=\"your-tel\" \/><\/span> <\/label>\n<\/p>\n<p><label> L\u1eddi nh\u1eafn<br \/>\n<span class=\"wpcf7-form-control-wrap\" data-name=\"your-message\"><textarea cols=\"40\" rows=\"10\" class=\"wpcf7-form-control wpcf7-textarea\" aria-invalid=\"false\" name=\"your-message\"><\/textarea><\/span> <\/label><br \/>\n<label> \u0110\u00ednh k\u00e8m<br \/>\n<span class=\"wpcf7-form-control-wrap\" data-name=\"file\"><input size=\"40\" class=\"wpcf7-form-control wpcf7-file\" accept=\".pdf,.doc,.docx\" aria-invalid=\"false\" type=\"file\" name=\"file\" \/><\/span><\/label>\n<\/p>\n<p><input class=\"wpcf7-form-control wpcf7-submit has-spinner\" type=\"submit\" value=\"G\u1eedi th\u00f4ng tin\" \/>\n<\/p><div class=\"wpcf7-response-output\" aria-hidden=\"true\"><\/div>\n<\/form>\n<\/div>\n\n\t\t<\/div>\n\t\t\t\t\n<style>\n#col-833107857 > .col-inner {\n  padding: 40px 0px 0px 0px;\n}\n<\/style>\n\t<\/div>\n\n\t\n<\/div>\n\t\t<\/div>\n\n\t\t\n<style>\n#section_1243444990 {\n  padding-top: 30px;\n  padding-bottom: 30px;\n  background-color: rgb(230, 230, 230);\n}\n<\/style>\n\t<\/section>\n\t\n","protected":false},"excerpt":{"rendered":"","protected":false},"author":1,"featured_media":0,"parent":0,"menu_order":0,"comment_status":"closed","ping_status":"closed","template":"page-transparent-header-light.php","meta":{"footnotes":""},"_links":{"self":[{"href":"https:\/\/buivancuong073.mbws.vn\/en\/wp-json\/wp\/v2\/pages\/800"}],"collection":[{"href":"https:\/\/buivancuong073.mbws.vn\/en\/wp-json\/wp\/v2\/pages"}],"about":[{"href":"https:\/\/buivancuong073.mbws.vn\/en\/wp-json\/wp\/v2\/types\/page"}],"author":[{"embeddable":true,"href":"https:\/\/buivancuong073.mbws.vn\/en\/wp-json\/wp\/v2\/users\/1"}],"replies":[{"embeddable":true,"href":"https:\/\/buivancuong073.mbws.vn\/en\/wp-json\/wp\/v2\/comments?post=800"}],"version-history":[{"count":2,"href":"https:\/\/buivancuong073.mbws.vn\/en\/wp-json\/wp\/v2\/pages\/800\/revisions"}],"predecessor-version":[{"id":838,"href":"https:\/\/buivancuong073.mbws.vn\/en\/wp-json\/wp\/v2\/pages\/800\/revisions\/838"}],"wp:attachment":[{"href":"https:\/\/buivancuong073.mbws.vn\/en\/wp-json\/wp\/v2\/media?parent=800"}],"curies":[{"name":"wp","href":"https:\/\/api.w.org\/{rel}","templated":true}]}}